{"id":717,"date":"2025-11-14T19:21:23","date_gmt":"2025-11-14T18:21:23","guid":{"rendered":"https:\/\/cms.indosurftrips.com\/?page_id=717"},"modified":"2026-01-06T21:07:32","modified_gmt":"2026-01-06T20:07:32","slug":"mentions-legales","status":"publish","type":"page","link":"https:\/\/indosurftrips.com\/blog\/mentions-legales\/","title":{"rendered":"Mentions l\u00e9gales"},"content":{"rendered":"\n<figure class=\"wp-block-image size-full\"><img loading=\"lazy\" decoding=\"async\" width=\"510\" height=\"599\" src=\"https:\/\/indosurftrips.com\/blog\/wp-content\/uploads\/2026\/01\/mentions.png\" alt=\"\" class=\"wp-image-913\" title=\"\" srcset=\"https:\/\/indosurftrips.com\/blog\/wp-content\/uploads\/2026\/01\/mentions.png 510w, https:\/\/indosurftrips.com\/blog\/wp-content\/uploads\/2026\/01\/mentions-255x300.png 255w\" sizes=\"auto, (max-width: 510px) 100vw, 510px\" \/><\/figure>\n\n\n<ul class=\"wp-block-latest-posts__list is-grid columns-3 wp-block-latest-posts\"><li><div class=\"wp-block-latest-posts__featured-image\"><img loading=\"lazy\" decoding=\"async\" width=\"150\" height=\"150\" src=\"https:\/\/indosurftrips.com\/blog\/wp-content\/uploads\/2026\/01\/Surfer-et-travailler-en-indonesie-le-guide-pour-les-expatries-year-2-150x150.jpg\" class=\"attachment-thumbnail size-thumbnail wp-post-image\" alt=\"D\u00e9couvrez le guide complet pour les expatri\u00e9s souhaitant allier travail et passion du surf en Indon\u00e9sie. Conseils pratiques, bonnes adresses et astuces pour vivre et travailler au paradis des surfeurs.\" style=\"\" srcset=\"https:\/\/indosurftrips.com\/blog\/wp-content\/uploads\/2026\/01\/Surfer-et-travailler-en-indonesie-le-guide-pour-les-expatries-year-2-150x150.jpg 150w, https:\/\/indosurftrips.com\/blog\/wp-content\/uploads\/2026\/01\/Surfer-et-travailler-en-indonesie-le-guide-pour-les-expatries-year-2-50x50.jpg 50w\" sizes=\"auto, (max-width: 150px) 100vw, 150px\" title=\"\"><\/div><a class=\"wp-block-latest-posts__post-title\" href=\"https:\/\/indosurftrips.com\/blog\/surfer-travailler-indonesie\/\">Surfer et travailler en indon\u00e9sie : le guide pour les expatri\u00e9s 2026<\/a><\/li>\n<li><div class=\"wp-block-latest-posts__featured-image\"><img loading=\"lazy\" decoding=\"async\" width=\"150\" height=\"150\" src=\"https:\/\/indosurftrips.com\/blog\/wp-content\/uploads\/2025\/11\/Bali-le-paradis-pour-changer-de-vie-150x150.jpg\" class=\"attachment-thumbnail size-thumbnail wp-post-image\" alt=\"d\u00e9couvrez bali, le paradis id\u00e9al pour r\u00e9inventer votre vie, entre paysages paradisiaques, culture riche et une qualit\u00e9 de vie exceptionnelle.\" style=\"\" srcset=\"https:\/\/indosurftrips.com\/blog\/wp-content\/uploads\/2025\/11\/Bali-le-paradis-pour-changer-de-vie-150x150.jpg 150w, https:\/\/indosurftrips.com\/blog\/wp-content\/uploads\/2025\/11\/Bali-le-paradis-pour-changer-de-vie-50x50.jpg 50w\" sizes=\"auto, (max-width: 150px) 100vw, 150px\" title=\"\"><\/div><a class=\"wp-block-latest-posts__post-title\" href=\"https:\/\/indosurftrips.com\/blog\/bali-paradis-changer-vie\/\">Bali, un paradis pour changer de vie ?<\/a><\/li>\n<li><div class=\"wp-block-latest-posts__featured-image\"><img loading=\"lazy\" decoding=\"async\" width=\"150\" height=\"150\" src=\"https:\/\/indosurftrips.com\/blog\/wp-content\/uploads\/2025\/11\/Visa-indonesie-conforme-a-la-loi-2025-guide-des-dernieres-nouveautes-150x150.png\" class=\"attachment-thumbnail size-thumbnail wp-post-image\" alt=\"d\u00e9couvrez le guide complet des nouveaut\u00e9s 2025 pour obtenir un visa indon\u00e9sie conforme \u00e0 la loi. toutes les d\u00e9marches et conseils pour un voyage serein.\" style=\"\" srcset=\"https:\/\/indosurftrips.com\/blog\/wp-content\/uploads\/2025\/11\/Visa-indonesie-conforme-a-la-loi-2025-guide-des-dernieres-nouveautes-150x150.png 150w, https:\/\/indosurftrips.com\/blog\/wp-content\/uploads\/2025\/11\/Visa-indonesie-conforme-a-la-loi-2025-guide-des-dernieres-nouveautes-50x50.png 50w\" sizes=\"auto, (max-width: 150px) 100vw, 150px\" title=\"\"><\/div><a class=\"wp-block-latest-posts__post-title\" href=\"https:\/\/indosurftrips.com\/blog\/visa-indonesie-loi-2025\/\">Visa indon\u00e9sie conforme \u00e0 la loi 2026 : guide des derni\u00e8res nouveaut\u00e9s<\/a><\/li>\n<li><div class=\"wp-block-latest-posts__featured-image\"><img loading=\"lazy\" decoding=\"async\" width=\"150\" height=\"150\" src=\"https:\/\/indosurftrips.com\/blog\/wp-content\/uploads\/2025\/11\/Visa-indonesie-multiple-entrees-tout-ce-quil-faut-savoir-150x150.png\" class=\"attachment-thumbnail size-thumbnail wp-post-image\" alt=\"d\u00e9couvrez tout ce qu\u2019il faut savoir sur le visa indon\u00e9sie \u00e0 entr\u00e9es multiples : conditions, d\u00e9marches, dur\u00e9e et conseils pour un voyage sans souci.\" style=\"\" srcset=\"https:\/\/indosurftrips.com\/blog\/wp-content\/uploads\/2025\/11\/Visa-indonesie-multiple-entrees-tout-ce-quil-faut-savoir-150x150.png 150w, https:\/\/indosurftrips.com\/blog\/wp-content\/uploads\/2025\/11\/Visa-indonesie-multiple-entrees-tout-ce-quil-faut-savoir-50x50.png 50w\" sizes=\"auto, (max-width: 150px) 100vw, 150px\" title=\"\"><\/div><a class=\"wp-block-latest-posts__post-title\" href=\"https:\/\/indosurftrips.com\/blog\/visa-indonesie-multiple-entrees\/\">Visa indon\u00e9sie multiple entr\u00e9es : tout ce qu\u2019il faut savoir<\/a><\/li>\n<li><div class=\"wp-block-latest-posts__featured-image\"><img loading=\"lazy\" decoding=\"async\" width=\"150\" height=\"150\" src=\"https:\/\/indosurftrips.com\/blog\/wp-content\/uploads\/2025\/11\/Visa-indonesie-conjoint-guide-pour-rejoindre-votre-partenaire-facilement-150x150.png\" class=\"attachment-thumbnail size-thumbnail wp-post-image\" alt=\"d\u00e9couvrez notre guide complet pour obtenir un visa conjoint en indon\u00e9sie et rejoindre facilement votre partenaire. toutes les \u00e9tapes et conseils pratiques pour r\u00e9ussir votre demande.\" style=\"\" srcset=\"https:\/\/indosurftrips.com\/blog\/wp-content\/uploads\/2025\/11\/Visa-indonesie-conjoint-guide-pour-rejoindre-votre-partenaire-facilement-150x150.png 150w, https:\/\/indosurftrips.com\/blog\/wp-content\/uploads\/2025\/11\/Visa-indonesie-conjoint-guide-pour-rejoindre-votre-partenaire-facilement-50x50.png 50w\" sizes=\"auto, (max-width: 150px) 100vw, 150px\" title=\"\"><\/div><a class=\"wp-block-latest-posts__post-title\" href=\"https:\/\/indosurftrips.com\/blog\/visa-indonesie-conjoint\/\">Visa indon\u00e9sie conjoint : guide pour rejoindre votre partenaire facilement<\/a><\/li>\n<li><div class=\"wp-block-latest-posts__featured-image\"><img loading=\"lazy\" decoding=\"async\" width=\"150\" height=\"150\" src=\"https:\/\/indosurftrips.com\/blog\/wp-content\/uploads\/2025\/11\/Visa-indonesie-transit-comment-bien-preparer-votre-escale-150x150.png\" class=\"attachment-thumbnail size-thumbnail wp-post-image\" alt=\"d\u00e9couvrez comment bien pr\u00e9parer votre escale en indon\u00e9sie avec notre guide complet sur le visa de transit. astuces et d\u00e9marches pour un voyage serein.\" style=\"\" srcset=\"https:\/\/indosurftrips.com\/blog\/wp-content\/uploads\/2025\/11\/Visa-indonesie-transit-comment-bien-preparer-votre-escale-150x150.png 150w, https:\/\/indosurftrips.com\/blog\/wp-content\/uploads\/2025\/11\/Visa-indonesie-transit-comment-bien-preparer-votre-escale-50x50.png 50w\" sizes=\"auto, (max-width: 150px) 100vw, 150px\" title=\"\"><\/div><a class=\"wp-block-latest-posts__post-title\" href=\"https:\/\/indosurftrips.com\/blog\/visa-indonesie-transit\/\">Visa indon\u00e9sie transit : comment bien pr\u00e9parer votre escale<\/a><\/li>\n<\/ul>","protected":false},"excerpt":{"rendered":"","protected":false},"author":2,"featured_media":0,"parent":0,"menu_order":0,"comment_status":"closed","ping_status":"closed","template":"","meta":{"footnotes":""},"class_list":["post-717","page","type-page","status-publish","hentry"],"_links":{"self":[{"href":"https:\/\/indosurftrips.com\/blog\/wp-json\/wp\/v2\/pages\/717","targetHints":{"allow":["GET"]}}],"collection":[{"href":"https:\/\/indosurftrips.com\/blog\/wp-json\/wp\/v2\/pages"}],"about":[{"href":"https:\/\/indosurftrips.com\/blog\/wp-json\/wp\/v2\/types\/page"}],"author":[{"embeddable":true,"href":"https:\/\/indosurftrips.com\/blog\/wp-json\/wp\/v2\/users\/2"}],"replies":[{"embeddable":true,"href":"https:\/\/indosurftrips.com\/blog\/wp-json\/wp\/v2\/comments?post=717"}],"version-history":[{"count":5,"href":"https:\/\/indosurftrips.com\/blog\/wp-json\/wp\/v2\/pages\/717\/revisions"}],"predecessor-version":[{"id":915,"href":"https:\/\/indosurftrips.com\/blog\/wp-json\/wp\/v2\/pages\/717\/revisions\/915"}],"wp:attachment":[{"href":"https:\/\/indosurftrips.com\/blog\/wp-json\/wp\/v2\/media?parent=717"}],"curies":[{"name":"wp","href":"https:\/\/api.w.org\/{rel}","templated":true}]}}